{"id":2677,"date":"2023-11-16T12:44:41","date_gmt":"2023-11-16T12:44:41","guid":{"rendered":"https:\/\/grafiquescondal.cat\/?page_id=2677"},"modified":"2024-12-15T15:12:10","modified_gmt":"2024-12-15T15:12:10","slug":"nosaltres","status":"publish","type":"page","link":"https:\/\/graficascondal.com\/index.php\/ca\/nosaltres\/","title":{"rendered":"Nosaltres"},"content":{"rendered":"\t\t<div data-elementor-type=\"wp-page\" data-elementor-id=\"2677\" class=\"elementor elementor-2677\">\n\t\t\t\t\t\t<section class=\"elementor-section elementor-top-section elementor-element elementor-element-29c0065c elementor-section-boxed elementor-section-height-default elementor-section-height-default\" data-id=\"29c0065c\" data-element_type=\"section\" data-settings=\"{&quot;background_background&quot;:&quot;classic&quot;}\">\n\t\t\t\t\t\t<div class=\"elementor-container elementor-column-gap-no\">\n\t\t\t\t\t<div class=\"elementor-column elementor-col-100 elementor-top-column elementor-element elementor-element-5be4d3da\" data-id=\"5be4d3da\" data-element_type=\"column\">\n\t\t\t<div class=\"elementor-widget-wrap elementor-element-populated\">\n\t\t\t\t\t\t<section class=\"elementor-section elementor-inner-section elementor-element elementor-element-4b150f03 elementor-section-boxed elementor-section-height-default elementor-section-height-default\" data-id=\"4b150f03\" data-element_type=\"section\">\n\t\t\t\t\t\t<div class=\"elementor-container elementor-column-gap-no\">\n\t\t\t\t\t<div class=\"elementor-column elementor-col-100 elementor-inner-column elementor-element elementor-element-7a001fb0\" data-id=\"7a001fb0\" data-element_type=\"column\">\n\t\t\t<div class=\"elementor-widget-wrap elementor-element-populated\">\n\t\t\t\t\t\t<div class=\"elementor-element elementor-element-51bcf3a8 elementor-widget elementor-widget-heading\" data-id=\"51bcf3a8\" data-element_type=\"widget\" data-widget_type=\"heading.default\">\n\t\t\t\t<div class=\"elementor-widget-container\">\n\t\t\t<h1 class=\"elementor-heading-title elementor-size-default\">Coneix-nos<\/h1>\t\t<\/div>\n\t\t\t\t<\/div>\n\t\t\t\t<div class=\"elementor-element elementor-element-354ada62 elementor-widget elementor-widget-text-editor\" data-id=\"354ada62\" data-element_type=\"widget\" data-widget_type=\"text-editor.default\">\n\t\t\t\t<div class=\"elementor-widget-container\">\n\t\t\t\t\t\t\t<p>Gr\u00e0fiques Comtal \u00e9s una empresa fundada en 1968 a Terrassa.<br \/>Invertim constantment en capital hum\u00e0 i en les \u00faltimes tecnologies per a assegurar-nos d&#8217;oferir el millor servei i qualitat als nostres clients.<br \/>Estem compromesos amb les seves necessitats i treballem per a convertir-nos en el seu col\u00b7laborador de confian\u00e7a.<br \/>Aportem als nostres clients solucions integrals a mesura de les seves necessitats, gr\u00e0cies a un tracte personalitzat des de l&#8217;inici fins a la fi del seu projecte gr\u00e0fic.<\/p>\t\t\t\t\t\t<\/div>\n\t\t\t\t<\/div>\n\t\t\t\t\t<\/div>\n\t\t<\/div>\n\t\t\t\t\t<\/div>\n\t\t<\/section>\n\t\t\t\t\t<\/div>\n\t\t<\/div>\n\t\t\t\t\t<\/div>\n\t\t<\/section>\n\t\t<div class=\"elementor-element elementor-element-244cc8aa e-flex e-con-boxed elementor-invisible e-con e-parent\" data-id=\"244cc8aa\" data-element_type=\"container\" data-settings=\"{&quot;background_background&quot;:&quot;classic&quot;,&quot;animation&quot;:&quot;fadeInUp&quot;}\">\n\t\t\t\t\t<div class=\"e-con-inner\">\n\t\t<div class=\"elementor-element elementor-element-3c63dee5 e-con-full e-flex e-con e-child\" data-id=\"3c63dee5\" data-element_type=\"container\">\n\t\t\t\t<div class=\"elementor-element elementor-element-1e5ffe6c elementor-hidden-mobile elementor-widget elementor-widget-image\" data-id=\"1e5ffe6c\" data-element_type=\"widget\" data-widget_type=\"image.default\">\n\t\t\t\t<div class=\"elementor-widget-container\">\n\t\t\t\t\t\t\t\t\t\t\t\t\t<img fetchpriority=\"high\" decoding=\"async\" width=\"512\" height=\"512\" src=\"https:\/\/graficascondal.com\/wp-content\/uploads\/2023\/10\/edificio.png\" class=\"attachment-full size-full wp-image-1493\" alt=\"\" \/>\t\t\t\t\t\t\t\t\t\t\t\t\t<\/div>\n\t\t\t\t<\/div>\n\t\t\t\t<\/div>\n\t\t<div class=\"elementor-element elementor-element-2a67919c e-con-full e-flex e-con e-child\" data-id=\"2a67919c\" data-element_type=\"container\">\n\t\t\t\t<div class=\"elementor-element elementor-element-23300ad4 elementor-widget elementor-widget-text-editor\" data-id=\"23300ad4\" data-element_type=\"widget\" data-widget_type=\"text-editor.default\">\n\t\t\t\t<div class=\"elementor-widget-container\">\n\t\t\t\t\t\t\t<h2>PER QU\u00c8 COL\u00b7LABORAR JUNTS?<\/h2><h3><strong>Experi\u00e8ncia<\/strong><\/h3><p>Comptem amb m\u00e9s de 60 anys d&#8217;experi\u00e8ncia en el sector, unint tradici\u00f3 i \u00faltimes tecnologies.<\/p><h3><strong>Innovaci\u00f3 i medi ambient<\/strong><\/h3><p>Ens assegurem tenir sempre la millor tecnologia al servei dels nostres clients i estem sempre pendents de les \u00faltimes solucions en materials i processos productius.<\/p><h3><strong>Comprom\u00eds de servei<\/strong><\/h3><p>Ens definim per la cerca de l&#8217;excel\u00b7l\u00e8ncia en el servei i atenci\u00f3 als nostres clients, aix\u00ed com en la qualitat dels nostres productes, i el compliment dels temps de lliurament adquirits.<\/p><h3><strong>Assessorament actiu<\/strong><\/h3><p>Estem sempre pendent de les necessitats dels nostres clients i aportem sempre solucions per a optimitzar costos, millorar la qualitat i la sostenibilitat.<\/p><h3><strong>Resoluci\u00f3 de problemes i Reactivitat<\/strong><\/h3><p>El nostre sistema de qualitat est\u00e0 enfocat en el control, aix\u00ed com en l&#8217;efic\u00e0cia en la resoluci\u00f3 d&#8217;incid\u00e8ncies i minimitzaci\u00f3 de fallades en tota la cadena de producci\u00f3 i subministrament.<\/p>\t\t\t\t\t\t<\/div>\n\t\t\t\t<\/div>\n\t\t\t\t<\/div>\n\t\t\t\t\t<\/div>\n\t\t\t\t<\/div>\n\t\t<div class=\"elementor-element elementor-element-31b01ceb e-flex e-con-boxed e-con e-parent\" data-id=\"31b01ceb\" data-element_type=\"container\">\n\t\t\t\t\t<div class=\"e-con-inner\">\n\t\t<div class=\"elementor-element elementor-element-5dc2f824 e-con-full e-flex elementor-invisible e-con e-child\" data-id=\"5dc2f824\" data-element_type=\"container\" data-settings=\"{&quot;background_background&quot;:&quot;classic&quot;,&quot;animation&quot;:&quot;fadeInLeft&quot;}\">\n\t\t\t\t<div class=\"elementor-element elementor-element-26285bf8 e-transform elementor-widget elementor-widget-heading\" data-id=\"26285bf8\" data-element_type=\"widget\" data-settings=\"{&quot;_transform_scale_effect_hover&quot;:{&quot;unit&quot;:&quot;px&quot;,&quot;size&quot;:1.3,&quot;sizes&quot;:[]},&quot;_transform_scale_effect_hover_tablet&quot;:{&quot;unit&quot;:&quot;px&quot;,&quot;size&quot;:&quot;&quot;,&quot;sizes&quot;:[]},&quot;_transform_scale_effect_hover_mobile&quot;:{&quot;unit&quot;:&quot;px&quot;,&quot;size&quot;:&quot;&quot;,&quot;sizes&quot;:[]}}\" data-widget_type=\"heading.default\">\n\t\t\t\t<div class=\"elementor-widget-container\">\n\t\t\t<h2 class=\"elementor-heading-title elementor-size-default\">AHIR<\/h2>\t\t<\/div>\n\t\t\t\t<\/div>\n\t\t\t\t<\/div>\n\t\t<div class=\"elementor-element elementor-element-2d637cf1 e-con-full e-flex elementor-invisible e-con e-child\" data-id=\"2d637cf1\" data-element_type=\"container\" data-settings=\"{&quot;background_background&quot;:&quot;classic&quot;,&quot;animation&quot;:&quot;fadeInRight&quot;}\">\n\t\t\t\t<div class=\"elementor-element elementor-element-4d2b9de3 e-transform elementor-widget elementor-widget-heading\" data-id=\"4d2b9de3\" data-element_type=\"widget\" data-settings=\"{&quot;_transform_scale_effect_hover&quot;:{&quot;unit&quot;:&quot;px&quot;,&quot;size&quot;:1.3,&quot;sizes&quot;:[]},&quot;_transform_scale_effect_hover_tablet&quot;:{&quot;unit&quot;:&quot;px&quot;,&quot;size&quot;:&quot;&quot;,&quot;sizes&quot;:[]},&quot;_transform_scale_effect_hover_mobile&quot;:{&quot;unit&quot;:&quot;px&quot;,&quot;size&quot;:&quot;&quot;,&quot;sizes&quot;:[]}}\" data-widget_type=\"heading.default\">\n\t\t\t\t<div class=\"elementor-widget-container\">\n\t\t\t<h2 class=\"elementor-heading-title elementor-size-default\">AVUI<\/h2>\t\t<\/div>\n\t\t\t\t<\/div>\n\t\t\t\t<\/div>\n\t\t\t\t\t<\/div>\n\t\t\t\t<\/div>\n\t\t\t\t<section class=\"elementor-section elementor-top-section elementor-element elementor-element-a24ba86 elementor-section-boxed elementor-section-height-default elementor-section-height-default elementor-invisible\" data-id=\"a24ba86\" data-element_type=\"section\" data-settings=\"{&quot;background_background&quot;:&quot;classic&quot;,&quot;animation&quot;:&quot;slideInUp&quot;}\">\n\t\t\t\t\t\t\t<div class=\"elementor-background-overlay\"><\/div>\n\t\t\t\t\t\t\t<div class=\"elementor-container elementor-column-gap-no\">\n\t\t\t\t\t<div class=\"elementor-column elementor-col-100 elementor-top-column elementor-element elementor-element-3da3cdd1\" data-id=\"3da3cdd1\" data-element_type=\"column\">\n\t\t\t<div class=\"elementor-widget-wrap elementor-element-populated\">\n\t\t\t\t\t\t<div class=\"elementor-element elementor-element-55dfdf20 elementor-widget elementor-widget-heading\" data-id=\"55dfdf20\" data-element_type=\"widget\" data-widget_type=\"heading.default\">\n\t\t\t\t<div class=\"elementor-widget-container\">\n\t\t\t<h2 class=\"elementor-heading-title elementor-size-default\">Bones pr\u00e0ctiques per a\naconseguir un futur millor<\/h2>\t\t<\/div>\n\t\t\t\t<\/div>\n\t\t\t\t<div class=\"elementor-element elementor-element-7a04c31 elementor-widget elementor-widget-heading\" data-id=\"7a04c31\" data-element_type=\"widget\" data-widget_type=\"heading.default\">\n\t\t\t\t<div class=\"elementor-widget-container\">\n\t\t\t<p class=\"elementor-heading-title elementor-size-default\">En Gr\u00e0fiques Comtal, entenem la sostenibilitat com una aposta estrat\u00e8gica de futur i la lliguem al nostre desenvolupament empresarial. Incorporem a la nostra gesti\u00f3 di\u00e0ria les millors pr\u00e0ctiques, metodologies, processos i tecnologies, reutilitzem materials i recursos. Monitorem l'impacte de la nostra activitat.<\/p>\t\t<\/div>\n\t\t\t\t<\/div>\n\t\t\t\t<div class=\"elementor-element elementor-element-611fe886 elementor-widget elementor-widget-image\" data-id=\"611fe886\" data-element_type=\"widget\" data-widget_type=\"image.default\">\n\t\t\t\t<div class=\"elementor-widget-container\">\n\t\t\t\t\t\t\t\t\t\t\t\t\t<img decoding=\"async\" width=\"512\" height=\"512\" src=\"https:\/\/graficascondal.com\/wp-content\/uploads\/2023\/10\/sostenibilidad.png\" class=\"attachment-large size-large wp-image-1912\" alt=\"Sostenibilidad\" \/>\t\t\t\t\t\t\t\t\t\t\t\t\t<\/div>\n\t\t\t\t<\/div>\n\t\t\t\t\t<\/div>\n\t\t<\/div>\n\t\t\t\t\t<\/div>\n\t\t<\/section>\n\t\t\t\t<\/div>\n\t\t","protected":false},"excerpt":{"rendered":"<p>Coneix-nos Gr\u00e0fiques Comtal \u00e9s una empresa fundada en 1968 a Terrassa.Invertim constantment en capital hum\u00e0 i en les \u00faltimes tecnologies per a assegurar-nos d&#8217;oferir el millor servei i qualitat als nostres clients.Estem compromesos amb les seves necessitats i treballem per a convertir-nos en el seu col\u00b7laborador de confian\u00e7a.Aportem als nostres clients solucions integrals a mesura &hellip;<\/p>\n<p class=\"read-more\"> <a class=\"\" href=\"https:\/\/graficascondal.com\/index.php\/ca\/nosaltres\/\"> <span class=\"screen-reader-text\">Nosaltres<\/span> Leer m\u00e1s &raquo;<\/a><\/p>\n","protected":false},"author":1,"featured_media":0,"parent":0,"menu_order":10,"comment_status":"closed","ping_status":"closed","template":"","meta":{"_uag_custom_page_level_css":"","site-sidebar-layout":"no-sidebar","site-content-layout":"page-builder","ast-site-content-layout":"full-width-container","site-content-style":"unboxed","site-sidebar-style":"unboxed","ast-global-header-display":"","ast-banner-title-visibility":"","ast-main-header-display":"","ast-hfb-above-header-display":"","ast-hfb-below-header-display":"","ast-hfb-mobile-header-display":"","site-post-title":"disabled","ast-breadcrumbs-content":"","ast-featured-img":"disabled","footer-sml-layout":"","theme-transparent-header-meta":"enabled","adv-header-id-meta":"","stick-header-meta":"","header-above-stick-meta":"","header-main-stick-meta":"","header-below-stick-meta":"","astra-migrate-meta-layouts":"set","ast-page-background-enabled":"default","ast-page-background-meta":{"desktop":{"background-color":"var(--ast-global-color-4)","background-image":"","background-repeat":"repeat","background-position":"center center","background-size":"auto","background-attachment":"scroll","background-type":"","background-media":"","overlay-type":"","overlay-color":"","overlay-gradient":""},"tablet":{"background-color":"","background-image":"","background-repeat":"repeat","background-position":"center center","background-size":"auto","background-attachment":"scroll","background-type":"","background-media":"","overlay-type":"","overlay-color":"","overlay-gradient":""},"mobile":{"background-color":"","background-image":"","background-repeat":"repeat","background-position":"center center","background-size":"auto","background-attachment":"scroll","background-type":"","background-media":"","overlay-type":"","overlay-color":"","overlay-gradient":""}},"ast-content-background-meta":{"desktop":{"background-color":"var(--ast-global-color-5)","background-image":"","background-repeat":"repeat","background-position":"center center","background-size":"auto","background-attachment":"scroll","background-type":"","background-media":"","overlay-type":"","overlay-color":"","overlay-gradient":""},"tablet":{"background-color":"var(--ast-global-color-5)","background-image":"","background-repeat":"repeat","background-position":"center center","background-size":"auto","background-attachment":"scroll","background-type":"","background-media":"","overlay-type":"","overlay-color":"","overlay-gradient":""},"mobile":{"background-color":"var(--ast-global-color-5)","background-image":"","background-repeat":"repeat","background-position":"center center","background-size":"auto","background-attachment":"scroll","background-type":"","background-media":"","overlay-type":"","overlay-color":"","overlay-gradient":""}},"_themeisle_gutenberg_block_has_review":false,"footnotes":""},"class_list":["post-2677","page","type-page","status-publish","hentry"],"yoast_head":"<!-- This site is optimized with the Yoast SEO plugin v24.0 - https:\/\/yoast.com\/wordpress\/plugins\/seo\/ -->\n<title>Nosaltres - Gr\u00e1ficas Condal SA - Experi\u00e8ncia i innovaci\u00f3<\/title>\n<meta name=\"description\" content=\"M\u00e9s de 50 anys d&#039;experi\u00e8ncia en arts gr\u00e0fiques, oferint solucions personalitzades i sostenibles als nostres clients.\" \/>\n<meta name=\"robots\" content=\"index, follow, max-snippet:-1, max-image-preview:large, max-video-preview:-1\" \/>\n<link rel=\"canonical\" href=\"https:\/\/graficascondal.com\/index.php\/ca\/nosaltres\/\" \/>\n<meta property=\"og:locale\" content=\"es_ES\" \/>\n<meta property=\"og:type\" content=\"article\" \/>\n<meta property=\"og:title\" content=\"Nosaltres - Gr\u00e1ficas Condal SA - Experi\u00e8ncia i innovaci\u00f3\" \/>\n<meta property=\"og:description\" content=\"M\u00e9s de 50 anys d&#039;experi\u00e8ncia en arts gr\u00e0fiques, oferint solucions personalitzades i sostenibles als nostres clients.\" \/>\n<meta property=\"og:url\" content=\"https:\/\/graficascondal.com\/index.php\/ca\/nosaltres\/\" \/>\n<meta property=\"og:site_name\" content=\"Gr\u00e1ficas Condal SA - Soluciones de packaging personalizadas\" \/>\n<meta property=\"article:modified_time\" content=\"2024-12-15T15:12:10+00:00\" \/>\n<meta property=\"og:image\" content=\"http:\/\/graficascondal.com\/wp-content\/uploads\/2023\/10\/edificio.png\" \/>\n<meta name=\"twitter:card\" content=\"summary_large_image\" \/>\n<meta name=\"twitter:label1\" content=\"Tiempo de lectura\" \/>\n\t<meta name=\"twitter:data1\" content=\"2 minutos\" \/>\n<script type=\"application\/ld+json\" class=\"yoast-schema-graph\">{\"@context\":\"https:\/\/schema.org\",\"@graph\":[{\"@type\":\"WebPage\",\"@id\":\"https:\/\/graficascondal.com\/index.php\/ca\/nosaltres\/\",\"url\":\"https:\/\/graficascondal.com\/index.php\/ca\/nosaltres\/\",\"name\":\"Nosaltres - Gr\u00e1ficas Condal SA - Experi\u00e8ncia i innovaci\u00f3\",\"isPartOf\":{\"@id\":\"https:\/\/graficascondal.com\/#website\"},\"primaryImageOfPage\":{\"@id\":\"https:\/\/graficascondal.com\/index.php\/ca\/nosaltres\/#primaryimage\"},\"image\":{\"@id\":\"https:\/\/graficascondal.com\/index.php\/ca\/nosaltres\/#primaryimage\"},\"thumbnailUrl\":\"http:\/\/graficascondal.com\/wp-content\/uploads\/2023\/10\/edificio.png\",\"datePublished\":\"2023-11-16T12:44:41+00:00\",\"dateModified\":\"2024-12-15T15:12:10+00:00\",\"description\":\"M\u00e9s de 50 anys d'experi\u00e8ncia en arts gr\u00e0fiques, oferint solucions personalitzades i sostenibles als nostres clients.\",\"breadcrumb\":{\"@id\":\"https:\/\/graficascondal.com\/index.php\/ca\/nosaltres\/#breadcrumb\"},\"inLanguage\":\"es\",\"potentialAction\":[{\"@type\":\"ReadAction\",\"target\":[\"https:\/\/graficascondal.com\/index.php\/ca\/nosaltres\/\"]}]},{\"@type\":\"ImageObject\",\"inLanguage\":\"es\",\"@id\":\"https:\/\/graficascondal.com\/index.php\/ca\/nosaltres\/#primaryimage\",\"url\":\"https:\/\/graficascondal.com\/wp-content\/uploads\/2023\/10\/edificio.png\",\"contentUrl\":\"https:\/\/graficascondal.com\/wp-content\/uploads\/2023\/10\/edificio.png\",\"width\":512,\"height\":512},{\"@type\":\"BreadcrumbList\",\"@id\":\"https:\/\/graficascondal.com\/index.php\/ca\/nosaltres\/#breadcrumb\",\"itemListElement\":[{\"@type\":\"ListItem\",\"position\":1,\"name\":\"Portada\",\"item\":\"https:\/\/www.graficascondal.com\/\"},{\"@type\":\"ListItem\",\"position\":2,\"name\":\"Nosaltres\"}]},{\"@type\":\"WebSite\",\"@id\":\"https:\/\/graficascondal.com\/#website\",\"url\":\"https:\/\/graficascondal.com\/\",\"name\":\"Gr\u00e1ficas Condal SA - Soluciones de packaging personalizadas\",\"description\":\"Desde hace m\u00e1s de 60 a\u00f1os, producimos soluciones de packaging personalizadas con la m\u00e1xima calidad\",\"publisher\":{\"@id\":\"https:\/\/graficascondal.com\/#organization\"},\"alternateName\":\"Gr\u00e1ficas Condal\",\"potentialAction\":[{\"@type\":\"SearchAction\",\"target\":{\"@type\":\"EntryPoint\",\"urlTemplate\":\"https:\/\/graficascondal.com\/?s={search_term_string}\"},\"query-input\":{\"@type\":\"PropertyValueSpecification\",\"valueRequired\":true,\"valueName\":\"search_term_string\"}}],\"inLanguage\":\"es\"},{\"@type\":\"Organization\",\"@id\":\"https:\/\/graficascondal.com\/#organization\",\"name\":\"Gr\u00e1ficas Condal SA\",\"alternateName\":\"Gr\u00e1ficas Condal\",\"url\":\"https:\/\/graficascondal.com\/\",\"logo\":{\"@type\":\"ImageObject\",\"inLanguage\":\"es\",\"@id\":\"https:\/\/graficascondal.com\/#\/schema\/logo\/image\/\",\"url\":\"https:\/\/graficascondal.com\/wp-content\/uploads\/2023\/10\/logoGC-1.png\",\"contentUrl\":\"https:\/\/graficascondal.com\/wp-content\/uploads\/2023\/10\/logoGC-1.png\",\"width\":2048,\"height\":2183,\"caption\":\"Gr\u00e1ficas Condal SA\"},\"image\":{\"@id\":\"https:\/\/graficascondal.com\/#\/schema\/logo\/image\/\"},\"sameAs\":[\"https:\/\/www.linkedin.com\/company\/graficas-condal-s-a-\/\"]}]}<\/script>\n<!-- \/ Yoast SEO plugin. -->","yoast_head_json":{"title":"Nosaltres - Gr\u00e1ficas Condal SA - Experi\u00e8ncia i innovaci\u00f3","description":"M\u00e9s de 50 anys d'experi\u00e8ncia en arts gr\u00e0fiques, oferint solucions personalitzades i sostenibles als nostres clients.","robots":{"index":"index","follow":"follow","max-snippet":"max-snippet:-1","max-image-preview":"max-image-preview:large","max-video-preview":"max-video-preview:-1"},"canonical":"https:\/\/graficascondal.com\/index.php\/ca\/nosaltres\/","og_locale":"es_ES","og_type":"article","og_title":"Nosaltres - Gr\u00e1ficas Condal SA - Experi\u00e8ncia i innovaci\u00f3","og_description":"M\u00e9s de 50 anys d'experi\u00e8ncia en arts gr\u00e0fiques, oferint solucions personalitzades i sostenibles als nostres clients.","og_url":"https:\/\/graficascondal.com\/index.php\/ca\/nosaltres\/","og_site_name":"Gr\u00e1ficas Condal SA - Soluciones de packaging personalizadas","article_modified_time":"2024-12-15T15:12:10+00:00","og_image":[{"url":"http:\/\/graficascondal.com\/wp-content\/uploads\/2023\/10\/edificio.png","type":"","width":"","height":""}],"twitter_card":"summary_large_image","twitter_misc":{"Tiempo de lectura":"2 minutos"},"schema":{"@context":"https:\/\/schema.org","@graph":[{"@type":"WebPage","@id":"https:\/\/graficascondal.com\/index.php\/ca\/nosaltres\/","url":"https:\/\/graficascondal.com\/index.php\/ca\/nosaltres\/","name":"Nosaltres - Gr\u00e1ficas Condal SA - Experi\u00e8ncia i innovaci\u00f3","isPartOf":{"@id":"https:\/\/graficascondal.com\/#website"},"primaryImageOfPage":{"@id":"https:\/\/graficascondal.com\/index.php\/ca\/nosaltres\/#primaryimage"},"image":{"@id":"https:\/\/graficascondal.com\/index.php\/ca\/nosaltres\/#primaryimage"},"thumbnailUrl":"http:\/\/graficascondal.com\/wp-content\/uploads\/2023\/10\/edificio.png","datePublished":"2023-11-16T12:44:41+00:00","dateModified":"2024-12-15T15:12:10+00:00","description":"M\u00e9s de 50 anys d'experi\u00e8ncia en arts gr\u00e0fiques, oferint solucions personalitzades i sostenibles als nostres clients.","breadcrumb":{"@id":"https:\/\/graficascondal.com\/index.php\/ca\/nosaltres\/#breadcrumb"},"inLanguage":"es","potentialAction":[{"@type":"ReadAction","target":["https:\/\/graficascondal.com\/index.php\/ca\/nosaltres\/"]}]},{"@type":"ImageObject","inLanguage":"es","@id":"https:\/\/graficascondal.com\/index.php\/ca\/nosaltres\/#primaryimage","url":"https:\/\/graficascondal.com\/wp-content\/uploads\/2023\/10\/edificio.png","contentUrl":"https:\/\/graficascondal.com\/wp-content\/uploads\/2023\/10\/edificio.png","width":512,"height":512},{"@type":"BreadcrumbList","@id":"https:\/\/graficascondal.com\/index.php\/ca\/nosaltres\/#breadcrumb","itemListElement":[{"@type":"ListItem","position":1,"name":"Portada","item":"https:\/\/www.graficascondal.com\/"},{"@type":"ListItem","position":2,"name":"Nosaltres"}]},{"@type":"WebSite","@id":"https:\/\/graficascondal.com\/#website","url":"https:\/\/graficascondal.com\/","name":"Gr\u00e1ficas Condal SA - Soluciones de packaging personalizadas","description":"Desde hace m\u00e1s de 60 a\u00f1os, producimos soluciones de packaging personalizadas con la m\u00e1xima calidad","publisher":{"@id":"https:\/\/graficascondal.com\/#organization"},"alternateName":"Gr\u00e1ficas Condal","potentialAction":[{"@type":"SearchAction","target":{"@type":"EntryPoint","urlTemplate":"https:\/\/graficascondal.com\/?s={search_term_string}"},"query-input":{"@type":"PropertyValueSpecification","valueRequired":true,"valueName":"search_term_string"}}],"inLanguage":"es"},{"@type":"Organization","@id":"https:\/\/graficascondal.com\/#organization","name":"Gr\u00e1ficas Condal SA","alternateName":"Gr\u00e1ficas Condal","url":"https:\/\/graficascondal.com\/","logo":{"@type":"ImageObject","inLanguage":"es","@id":"https:\/\/graficascondal.com\/#\/schema\/logo\/image\/","url":"https:\/\/graficascondal.com\/wp-content\/uploads\/2023\/10\/logoGC-1.png","contentUrl":"https:\/\/graficascondal.com\/wp-content\/uploads\/2023\/10\/logoGC-1.png","width":2048,"height":2183,"caption":"Gr\u00e1ficas Condal SA"},"image":{"@id":"https:\/\/graficascondal.com\/#\/schema\/logo\/image\/"},"sameAs":["https:\/\/www.linkedin.com\/company\/graficas-condal-s-a-\/"]}]}},"uagb_featured_image_src":{"full":false,"thumbnail":false,"medium":false,"medium_large":false,"large":false,"1536x1536":false,"2048x2048":false},"uagb_author_info":{"display_name":"admin8644","author_link":"https:\/\/graficascondal.com\/index.php\/author\/admin8644\/"},"uagb_comment_info":0,"uagb_excerpt":"Coneix-nos Gr\u00e0fiques Comtal \u00e9s una empresa fundada en 1968 a Terrassa.Invertim constantment en capital hum\u00e0 i en les \u00faltimes tecnologies per a assegurar-nos d&#8217;oferir el millor servei i qualitat als nostres clients.Estem compromesos amb les seves necessitats i treballem per a convertir-nos en el seu col\u00b7laborador de confian\u00e7a.Aportem als nostres clients solucions integrals a mesura&hellip;","rttpg_featured_image_url":null,"rttpg_author":{"display_name":"admin8644","author_link":"https:\/\/graficascondal.com\/index.php\/author\/admin8644\/"},"rttpg_comment":0,"rttpg_category":" <a href=\"https:\/\/graficascondal.com\/index.php\/ca\/\" rel=\"tag\">Catal\u00e0<\/a>","rttpg_excerpt":"Coneix-nos Gr\u00e0fiques Comtal \u00e9s una empresa fundada en 1968 a Terrassa.Invertim constantment en capital hum\u00e0 i en les \u00faltimes tecnologies per a assegurar-nos d&#8217;oferir el millor servei i qualitat als nostres clients.Estem compromesos amb les seves necessitats i treballem per a convertir-nos en el seu col\u00b7laborador de confian\u00e7a.Aportem als nostres clients solucions integrals a mesura&hellip;","_links":{"self":[{"href":"https:\/\/graficascondal.com\/index.php\/wp-json\/wp\/v2\/pages\/2677","targetHints":{"allow":["GET"]}}],"collection":[{"href":"https:\/\/graficascondal.com\/index.php\/wp-json\/wp\/v2\/pages"}],"about":[{"href":"https:\/\/graficascondal.com\/index.php\/wp-json\/wp\/v2\/types\/page"}],"author":[{"embeddable":true,"href":"https:\/\/graficascondal.com\/index.php\/wp-json\/wp\/v2\/users\/1"}],"replies":[{"embeddable":true,"href":"https:\/\/graficascondal.com\/index.php\/wp-json\/wp\/v2\/comments?post=2677"}],"version-history":[{"count":10,"href":"https:\/\/graficascondal.com\/index.php\/wp-json\/wp\/v2\/pages\/2677\/revisions"}],"predecessor-version":[{"id":2930,"href":"https:\/\/graficascondal.com\/index.php\/wp-json\/wp\/v2\/pages\/2677\/revisions\/2930"}],"wp:attachment":[{"href":"https:\/\/graficascondal.com\/index.php\/wp-json\/wp\/v2\/media?parent=2677"}],"curies":[{"name":"wp","href":"https:\/\/api.w.org\/{rel}","templated":true}]}}