{"id":2293,"date":"2023-10-23T20:36:39","date_gmt":"2023-10-23T20:36:39","guid":{"rendered":"https:\/\/grafiquescondal.cat\/?page_id=2293"},"modified":"2024-12-16T07:15:06","modified_gmt":"2024-12-16T07:15:06","slug":"inicio","status":"publish","type":"page","link":"https:\/\/www.graficascondal.com\/","title":{"rendered":"Inicio"},"content":{"rendered":"\t\t<div data-elementor-type=\"wp-page\" data-elementor-id=\"2293\" class=\"elementor elementor-2293\">\n\t\t\t\t\t\t<section class=\"elementor-section elementor-top-section elementor-element elementor-element-5c39e6b0 elementor-section-boxed elementor-section-height-default elementor-section-height-default\" data-id=\"5c39e6b0\" data-element_type=\"section\" data-settings=\"{&quot;background_background&quot;:&quot;classic&quot;}\">\n\t\t\t\t\t\t<div class=\"elementor-container elementor-column-gap-no\">\n\t\t\t\t\t<div class=\"elementor-column elementor-col-50 elementor-top-column elementor-element elementor-element-452e73e5\" data-id=\"452e73e5\" data-element_type=\"column\">\n\t\t\t<div class=\"elementor-widget-wrap elementor-element-populated\">\n\t\t\t\t\t\t<div class=\"elementor-element elementor-element-5301f8b6 elementor-widget elementor-widget-heading\" data-id=\"5301f8b6\" data-element_type=\"widget\" data-widget_type=\"heading.default\">\n\t\t\t\t<div class=\"elementor-widget-container\">\n\t\t\t<h6 class=\"elementor-heading-title elementor-size-default\">SOMOS El colaborador que te acompa\u00f1a para dar vida a tus necesidades de packaging.<\/h6>\t\t<\/div>\n\t\t\t\t<\/div>\n\t\t\t\t<div class=\"elementor-element elementor-element-941ff15 elementor-widget elementor-widget-heading\" data-id=\"941ff15\" data-element_type=\"widget\" data-widget_type=\"heading.default\">\n\t\t\t\t<div class=\"elementor-widget-container\">\n\t\t\t<h1 class=\"elementor-heading-title elementor-size-default\">TU producto, NUESTRA pasi\u00f3n<\/h1>\t\t<\/div>\n\t\t\t\t<\/div>\n\t\t\t\t\t<\/div>\n\t\t<\/div>\n\t\t\t\t<div class=\"elementor-column elementor-col-50 elementor-top-column elementor-element elementor-element-4c067fcb elementor-invisible\" data-id=\"4c067fcb\" data-element_type=\"column\" data-settings=\"{&quot;animation&quot;:&quot;fadeInRight&quot;}\">\n\t\t\t<div class=\"elementor-widget-wrap elementor-element-populated\">\n\t\t\t\t\t\t<div class=\"elementor-element elementor-element-43e1ab67 elementor-widget elementor-widget-image\" data-id=\"43e1ab67\" data-element_type=\"widget\" data-widget_type=\"image.default\">\n\t\t\t\t<div class=\"elementor-widget-container\">\n\t\t\t\t\t\t\t\t\t\t\t\t\t<img decoding=\"async\" src=\"https:\/\/graficascondal.com\/wp-content\/uploads\/2023\/11\/BOLSA.gif\" class=\"attachment-full size-full wp-image-2643\" alt=\"Elaboramos productos de packaging de alta calidad gracias a nuestra experiencia de la mano de tecnolog\u00eda puntera\" \/>\t\t\t\t\t\t\t\t\t\t\t\t\t<\/div>\n\t\t\t\t<\/div>\n\t\t\t\t\t<\/div>\n\t\t<\/div>\n\t\t\t\t\t<\/div>\n\t\t<\/section>\n\t\t<div class=\"elementor-element elementor-element-1fbcaa8 e-flex e-con-boxed e-con e-parent\" data-id=\"1fbcaa8\" data-element_type=\"container\">\n\t\t\t\t\t<div class=\"e-con-inner\">\n\t\t\t\t<div class=\"elementor-element elementor-element-5af5c9be elementor-widget elementor-widget-heading\" data-id=\"5af5c9be\" data-element_type=\"widget\" data-widget_type=\"heading.default\">\n\t\t\t\t<div class=\"elementor-widget-container\">\n\t\t\t<h2 class=\"elementor-heading-title elementor-size-default\">NOTICIAS<\/h2>\t\t<\/div>\n\t\t\t\t<\/div>\n\t\t\t\t<div class=\"elementor-element elementor-element-8f8e428 tpg-wrapper-align-center title-alignment-center meta-visibility-show title_position_default title_hover_border_default title-default img_hover_animation_default meta_position_default readmore-btn-default-style grid-hover-overlay-type-always grid-hover-overlay-height-default hover-overlay-height-default tpg-border-bottom-disable elementor-invisible elementor-widget elementor-widget-tpg-grid-hover-layout\" data-id=\"8f8e428\" data-element_type=\"widget\" data-settings=\"{&quot;_animation&quot;:&quot;pulse&quot;}\" data-widget_type=\"tpg-grid-hover-layout.default\">\n\t\t\t\t<div class=\"elementor-widget-container\">\n\t\t\t\n        <div class=\"rt-container-fluid rt-tpg-container tpg-el-main-wrapper grid_hover-layout1-main \"\n             id=\"rt-tpg-container-1003630305\"\n             data-layout=\"grid_hover-layout1\"\n             data-sc-id=\"elementor\"\n             data-el-settings=''\n             data-el-query=''\n             data-el-path=''\n        >\n\t\t\t            <div class='tpg-header-wrapper '>\n\t\t\t\t            <\/div>\n\n            <div data-title=\"Loading ...\"\n                 class=\"rt-row rt-content-loader grid_hover-layout1 tpg-even grid-behaviour grid_hover_layout_wrapper\">\n\t\t\t\t\n<div class=\"rt-col-md-6 rt-col-sm-6 rt-col-xs-12 default rt-grid-hover-item rt-grid-item\" data-id=\"3088\">\n\t<div class=\"rt-holder tpg-post-holder\">\n\t\t<div class=\"rt-detail rt-el-content-wrapper\">\n\t\t\t\t\t\t\t<div class=\"rt-img-holder tpg-el-image-wrap has-thumbnail\">\n\t\t\t\t\t<a data-id=\"3088\" href=\"https:\/\/graficascondal.com\/index.php\/en\/2025\/12\/18\/grafiques-condal-obtains-brc-packaging-certification-and-raises-its-industrial-standards\/\" class=\"tpg-post-link\" target=\"_self\">\t\t\n\t\t<\/a>\n\t\t        <div class=\"overlay grid-hover-content\"><\/div>\n\t\t\t\t\t\t<\/div>\n\t\t\t\n\t\t\t<div class=\"grid-hover-content\">\n\t\t\t\t<div class=\"entry-title-wrapper\"><h3 class=\"entry-title\"><a data-id=\"3088\" href=\"https:\/\/graficascondal.com\/index.php\/en\/2025\/12\/18\/grafiques-condal-obtains-brc-packaging-certification-and-raises-its-industrial-standards\/\" class=\"tpg-post-link\" target=\"_self\">Gr\u00e0fiques Condal obtains BRC Packaging certification and raises its industrial standards<\/a><\/h3><\/div>\n\t\t\t\t\t\t\t\t\t<div class=\"post-meta-tags rt-el-post-meta\">\n\t\t\t\t\t\t            <span class='date'>\n\t\t\t\t<i class='far fa-calendar-alt '><\/i>\t\t\t\t                    <a href=\"https:\/\/graficascondal.com\/index.php\/2025\/12\/18\/\">\n\t\t\t\t\t18 de diciembre de 2025\t\t\t\t<\/a>\n\t\t\t\t\t\t\t<\/span>\n\t\t\t\t\t\t\t\t<\/div>\n\t\t\t\t\n\t\t\t\t\t\t\t\t\t<div class=\"tpg-excerpt tpg-el-excerpt\">\n\t\t\t\t\t\t\t\t\t\t\t\t\t<div class=\"tpg-excerpt-inner\">\n\t\t\t\t\t\t\t\tGr\u00e0fiques Condal reaches a new milestone in its industrial excellence strategy with the achievement...\t\t\t\t\t\t\t<\/div>\n\t\t\t\t\t\t\t\t\t\t\t\t\t\t\t\t\t<\/div>\n\t\t\t\t\n\t\t\t\t        <div class=\"post-footer\">\n            <div class=\"post-footer\">\n                <div class=\"read-more\">\n\t\t\t\t\t<a data-id=\"3088\" href=\"https:\/\/graficascondal.com\/index.php\/en\/2025\/12\/18\/grafiques-condal-obtains-brc-packaging-certification-and-raises-its-industrial-standards\/\" class=\"tpg-post-link\" target=\"_self\">Leer m\u00e1s<\/a>                <\/div>\n            <\/div>\n        <\/div>\n\t\t\t\t\t<\/div>\n\t\t<\/div>\n\t<\/div>\n<\/div>\n\n<div class=\"rt-col-md-6 rt-col-sm-6 rt-col-xs-12 default rt-grid-hover-item rt-grid-item\" data-id=\"3086\">\n\t<div class=\"rt-holder tpg-post-holder\">\n\t\t<div class=\"rt-detail rt-el-content-wrapper\">\n\t\t\t\t\t\t\t<div class=\"rt-img-holder tpg-el-image-wrap has-thumbnail\">\n\t\t\t\t\t<a data-id=\"3086\" href=\"https:\/\/graficascondal.com\/index.php\/fr\/2025\/12\/18\/grafiques-condal-obtient-la-certification-brc-packaging-et-eleve-ses-standards-industriels\/\" class=\"tpg-post-link\" target=\"_self\">\t\t\n\t\t<\/a>\n\t\t        <div class=\"overlay grid-hover-content\"><\/div>\n\t\t\t\t\t\t<\/div>\n\t\t\t\n\t\t\t<div class=\"grid-hover-content\">\n\t\t\t\t<div class=\"entry-title-wrapper\"><h3 class=\"entry-title\"><a data-id=\"3086\" href=\"https:\/\/graficascondal.com\/index.php\/fr\/2025\/12\/18\/grafiques-condal-obtient-la-certification-brc-packaging-et-eleve-ses-standards-industriels\/\" class=\"tpg-post-link\" target=\"_self\">Gr\u00e0fiques Condal obtient la certification BRC Packaging et \u00e9l\u00e8ve ses standards industriels<\/a><\/h3><\/div>\n\t\t\t\t\t\t\t\t\t<div class=\"post-meta-tags rt-el-post-meta\">\n\t\t\t\t\t\t            <span class='date'>\n\t\t\t\t<i class='far fa-calendar-alt '><\/i>\t\t\t\t                    <a href=\"https:\/\/graficascondal.com\/index.php\/2025\/12\/18\/\">\n\t\t\t\t\t18 de diciembre de 2025\t\t\t\t<\/a>\n\t\t\t\t\t\t\t<\/span>\n\t\t\t\t\t\t\t\t<\/div>\n\t\t\t\t\n\t\t\t\t\t\t\t\t\t<div class=\"tpg-excerpt tpg-el-excerpt\">\n\t\t\t\t\t\t\t\t\t\t\t\t\t<div class=\"tpg-excerpt-inner\">\n\t\t\t\t\t\t\t\tGr\u00e0fiques Condal franchit une nouvelle \u00e9tape dans sa strat\u00e9gie d\u2019excellence industrielle avec...\t\t\t\t\t\t\t<\/div>\n\t\t\t\t\t\t\t\t\t\t\t\t\t\t\t\t\t<\/div>\n\t\t\t\t\n\t\t\t\t        <div class=\"post-footer\">\n            <div class=\"post-footer\">\n                <div class=\"read-more\">\n\t\t\t\t\t<a data-id=\"3086\" href=\"https:\/\/graficascondal.com\/index.php\/fr\/2025\/12\/18\/grafiques-condal-obtient-la-certification-brc-packaging-et-eleve-ses-standards-industriels\/\" class=\"tpg-post-link\" target=\"_self\">Leer m\u00e1s<\/a>                <\/div>\n            <\/div>\n        <\/div>\n\t\t\t\t\t<\/div>\n\t\t<\/div>\n\t<\/div>\n<\/div>\n            <\/div>\n\n\t\t\t        <\/div>\n\t\t\t\t<\/div>\n\t\t\t\t<\/div>\n\t\t\t\t\t<\/div>\n\t\t\t\t<\/div>\n\t\t\t\t<section class=\"elementor-section elementor-top-section elementor-element elementor-element-385c584 elementor-section-boxed elementor-section-height-default elementor-section-height-default\" data-id=\"385c584\" data-element_type=\"section\" data-settings=\"{&quot;background_background&quot;:&quot;classic&quot;}\">\n\t\t\t\t\t\t<div class=\"elementor-container elementor-column-gap-no\">\n\t\t\t\t\t<div class=\"elementor-column elementor-col-100 elementor-top-column elementor-element elementor-element-48a0bd0f\" data-id=\"48a0bd0f\" data-element_type=\"column\">\n\t\t\t<div class=\"elementor-widget-wrap elementor-element-populated\">\n\t\t\t\t\t\t<div class=\"elementor-element elementor-element-44bc0aa7 elementor-widget elementor-widget-heading\" data-id=\"44bc0aa7\" data-element_type=\"widget\" data-widget_type=\"heading.default\">\n\t\t\t\t<div class=\"elementor-widget-container\">\n\t\t\t<h2 class=\"elementor-heading-title elementor-size-default\">Estamos encantados de poder atenderte<\/h2>\t\t<\/div>\n\t\t\t\t<\/div>\n\t\t\t\t<div class=\"elementor-element elementor-element-5a2c4646 elementor-align-center elementor-widget elementor-widget-button\" data-id=\"5a2c4646\" data-element_type=\"widget\" data-widget_type=\"button.default\">\n\t\t\t\t<div class=\"elementor-widget-container\">\n\t\t\t\t\t\t\t<div class=\"elementor-button-wrapper\">\n\t\t\t\t\t<a class=\"elementor-button elementor-button-link elementor-size-sm\" href=\"https:\/\/www.graficascondal.com\/index.php\/contacto\/\">\n\t\t\t\t\t\t<span class=\"elementor-button-content-wrapper\">\n\t\t\t\t\t\t\t\t\t<span class=\"elementor-button-text\">Contacto<\/span>\n\t\t\t\t\t<\/span>\n\t\t\t\t\t<\/a>\n\t\t\t\t<\/div>\n\t\t\t\t\t\t<\/div>\n\t\t\t\t<\/div>\n\t\t\t\t\t<\/div>\n\t\t<\/div>\n\t\t\t\t\t<\/div>\n\t\t<\/section>\n\t\t\t\t<\/div>\n\t\t","protected":false},"excerpt":{"rendered":"<p>SOMOS El colaborador que te acompa\u00f1a para dar vida a tus necesidades de packaging. TU producto, NUESTRA pasi\u00f3n NOTICIAS Noves inversions 27 de mayo de 2024 MILLOREM ELS CONTROLS EN EL NOSTRE SISTEMA DE PLEGAT-ENGOMAT Acabem de finalitzar la instal\u00b7laci\u00f3 de&#8230; Leer m\u00e1s Nuevas inversiones 7 de mayo de 2024 MEJORAMOS LOS CONTROLES EN NUESTRO &hellip;<\/p>\n<p class=\"read-more\"> <a class=\"\" href=\"https:\/\/graficascondal.com\/index.php\/fr\/2025\/12\/18\/grafiques-condal-obtient-la-certification-brc-packaging-et-eleve-ses-standards-industriels\/\"> <span class=\"screen-reader-text\">Gr\u00e0fiques Condal obtient la certification BRC Packaging et \u00e9l\u00e8ve ses standards industriels<\/span> Leer m\u00e1s &raquo;<\/a><\/p>\n","protected":false},"author":1,"featured_media":0,"parent":0,"menu_order":-100,"comment_status":"closed","ping_status":"closed","template":"","meta":{"_uag_custom_page_level_css":"","site-sidebar-layout":"no-sidebar","site-content-layout":"page-builder","ast-site-content-layout":"full-width-container","site-content-style":"unboxed","site-sidebar-style":"unboxed","ast-global-header-display":"","ast-banner-title-visibility":"","ast-main-header-display":"","ast-hfb-above-header-display":"","ast-hfb-below-header-display":"","ast-hfb-mobile-header-display":"","site-post-title":"disabled","ast-breadcrumbs-content":"","ast-featured-img":"disabled","footer-sml-layout":"","theme-transparent-header-meta":"enabled","adv-header-id-meta":"","stick-header-meta":"","header-above-stick-meta":"","header-main-stick-meta":"","header-below-stick-meta":"","astra-migrate-meta-layouts":"set","ast-page-background-enabled":"default","ast-page-background-meta":{"desktop":{"background-color":"var(--ast-global-color-4)","background-image":"","background-repeat":"repeat","background-position":"center center","background-size":"auto","background-attachment":"scroll","background-type":"","background-media":"","overlay-type":"","overlay-color":"","overlay-gradient":""},"tablet":{"background-color":"","background-image":"","background-repeat":"repeat","background-position":"center center","background-size":"auto","background-attachment":"scroll","background-type":"","background-media":"","overlay-type":"","overlay-color":"","overlay-gradient":""},"mobile":{"background-color":"","background-image":"","background-repeat":"repeat","background-position":"center center","background-size":"auto","background-attachment":"scroll","background-type":"","background-media":"","overlay-type":"","overlay-color":"","overlay-gradient":""}},"ast-content-background-meta":{"desktop":{"background-color":"var(--ast-global-color-5)","background-image":"","background-repeat":"repeat","background-position":"center center","background-size":"auto","background-attachment":"scroll","background-type":"","background-media":"","overlay-type":"","overlay-color":"","overlay-gradient":""},"tablet":{"background-color":"var(--ast-global-color-5)","background-image":"","background-repeat":"repeat","background-position":"center center","background-size":"auto","background-attachment":"scroll","background-type":"","background-media":"","overlay-type":"","overlay-color":"","overlay-gradient":""},"mobile":{"background-color":"var(--ast-global-color-5)","background-image":"","background-repeat":"repeat","background-position":"center center","background-size":"auto","background-attachment":"scroll","background-type":"","background-media":"","overlay-type":"","overlay-color":"","overlay-gradient":""}},"_themeisle_gutenberg_block_has_review":false,"footnotes":""},"class_list":["post-2293","page","type-page","status-publish","hentry"],"yoast_head":"<!-- This site is optimized with the Yoast SEO plugin v24.0 - https:\/\/yoast.com\/wordpress\/plugins\/seo\/ -->\n<title>Gr\u00e1ficas Condal SA - Soluciones de packaging personalizadas<\/title>\n<meta name=\"description\" content=\"En Gr\u00e1ficas Condal somos expertos en packaging personalizado para cosm\u00e9tica, alimentaci\u00f3n y otros sectores. Experiencia y tecnolog\u00eda puntera.\" \/>\n<meta name=\"robots\" content=\"index, follow, max-snippet:-1, max-image-preview:large, max-video-preview:-1\" \/>\n<link rel=\"canonical\" href=\"https:\/\/www.graficascondal.com\/\" \/>\n<meta property=\"og:locale\" content=\"es_ES\" \/>\n<meta property=\"og:type\" content=\"article\" \/>\n<meta property=\"og:title\" content=\"Gr\u00e1ficas Condal SA - Soluciones de packaging personalizadas\" \/>\n<meta property=\"og:description\" content=\"En Gr\u00e1ficas Condal somos expertos en packaging personalizado para cosm\u00e9tica, alimentaci\u00f3n y otros sectores. Experiencia y tecnolog\u00eda puntera.\" \/>\n<meta property=\"og:url\" content=\"https:\/\/www.graficascondal.com\/\" \/>\n<meta property=\"og:site_name\" content=\"Gr\u00e1ficas Condal SA - Soluciones de packaging personalizadas\" \/>\n<meta property=\"article:modified_time\" content=\"2024-12-16T07:15:06+00:00\" \/>\n<meta property=\"og:image\" content=\"http:\/\/graficascondal.com\/wp-content\/uploads\/2023\/11\/BOLSA.gif\" \/>\n<meta name=\"twitter:card\" content=\"summary_large_image\" \/>\n<meta name=\"twitter:label1\" content=\"Tiempo de lectura\" \/>\n\t<meta name=\"twitter:data1\" content=\"1 minuto\" \/>\n<script type=\"application\/ld+json\" class=\"yoast-schema-graph\">{\"@context\":\"https:\/\/schema.org\",\"@graph\":[{\"@type\":\"WebPage\",\"@id\":\"https:\/\/www.graficascondal.com\/\",\"url\":\"https:\/\/www.graficascondal.com\/\",\"name\":\"Gr\u00e1ficas Condal SA - Soluciones de packaging personalizadas\",\"isPartOf\":{\"@id\":\"https:\/\/graficascondal.com\/#website\"},\"primaryImageOfPage\":{\"@id\":\"https:\/\/www.graficascondal.com\/#primaryimage\"},\"image\":{\"@id\":\"https:\/\/www.graficascondal.com\/#primaryimage\"},\"thumbnailUrl\":\"http:\/\/graficascondal.com\/wp-content\/uploads\/2023\/11\/BOLSA.gif\",\"datePublished\":\"2023-10-23T20:36:39+00:00\",\"dateModified\":\"2024-12-16T07:15:06+00:00\",\"description\":\"En Gr\u00e1ficas Condal somos expertos en packaging personalizado para cosm\u00e9tica, alimentaci\u00f3n y otros sectores. Experiencia y tecnolog\u00eda puntera.\",\"breadcrumb\":{\"@id\":\"https:\/\/www.graficascondal.com\/#breadcrumb\"},\"inLanguage\":\"es\",\"potentialAction\":[{\"@type\":\"ReadAction\",\"target\":[\"https:\/\/www.graficascondal.com\/\"]}]},{\"@type\":\"ImageObject\",\"inLanguage\":\"es\",\"@id\":\"https:\/\/www.graficascondal.com\/#primaryimage\",\"url\":\"https:\/\/graficascondal.com\/wp-content\/uploads\/2023\/11\/BOLSA.gif\",\"contentUrl\":\"https:\/\/graficascondal.com\/wp-content\/uploads\/2023\/11\/BOLSA.gif\",\"caption\":\"Elaboramos productos de packaging de alta calidad gracias a nuestra experiencia de la mano de tecnolog\u00eda puntera\"},{\"@type\":\"BreadcrumbList\",\"@id\":\"https:\/\/www.graficascondal.com\/#breadcrumb\",\"itemListElement\":[{\"@type\":\"ListItem\",\"position\":1,\"name\":\"Portada\",\"item\":\"https:\/\/www.graficascondal.com\/\"},{\"@type\":\"ListItem\",\"position\":2,\"name\":\"Inicio\"}]},{\"@type\":\"WebSite\",\"@id\":\"https:\/\/graficascondal.com\/#website\",\"url\":\"https:\/\/graficascondal.com\/\",\"name\":\"Gr\u00e1ficas Condal SA - Soluciones de packaging personalizadas\",\"description\":\"Desde hace m\u00e1s de 60 a\u00f1os, producimos soluciones de packaging personalizadas con la m\u00e1xima calidad\",\"publisher\":{\"@id\":\"https:\/\/graficascondal.com\/#organization\"},\"alternateName\":\"Gr\u00e1ficas Condal\",\"potentialAction\":[{\"@type\":\"SearchAction\",\"target\":{\"@type\":\"EntryPoint\",\"urlTemplate\":\"https:\/\/graficascondal.com\/?s={search_term_string}\"},\"query-input\":{\"@type\":\"PropertyValueSpecification\",\"valueRequired\":true,\"valueName\":\"search_term_string\"}}],\"inLanguage\":\"es\"},{\"@type\":\"Organization\",\"@id\":\"https:\/\/graficascondal.com\/#organization\",\"name\":\"Gr\u00e1ficas Condal SA\",\"alternateName\":\"Gr\u00e1ficas Condal\",\"url\":\"https:\/\/graficascondal.com\/\",\"logo\":{\"@type\":\"ImageObject\",\"inLanguage\":\"es\",\"@id\":\"https:\/\/graficascondal.com\/#\/schema\/logo\/image\/\",\"url\":\"https:\/\/graficascondal.com\/wp-content\/uploads\/2023\/10\/logoGC-1.png\",\"contentUrl\":\"https:\/\/graficascondal.com\/wp-content\/uploads\/2023\/10\/logoGC-1.png\",\"width\":2048,\"height\":2183,\"caption\":\"Gr\u00e1ficas Condal SA\"},\"image\":{\"@id\":\"https:\/\/graficascondal.com\/#\/schema\/logo\/image\/\"},\"sameAs\":[\"https:\/\/www.linkedin.com\/company\/graficas-condal-s-a-\/\"]}]}<\/script>\n<!-- \/ Yoast SEO plugin. -->","yoast_head_json":{"title":"Gr\u00e1ficas Condal SA - Soluciones de packaging personalizadas","description":"En Gr\u00e1ficas Condal somos expertos en packaging personalizado para cosm\u00e9tica, alimentaci\u00f3n y otros sectores. Experiencia y tecnolog\u00eda puntera.","robots":{"index":"index","follow":"follow","max-snippet":"max-snippet:-1","max-image-preview":"max-image-preview:large","max-video-preview":"max-video-preview:-1"},"canonical":"https:\/\/www.graficascondal.com\/","og_locale":"es_ES","og_type":"article","og_title":"Gr\u00e1ficas Condal SA - Soluciones de packaging personalizadas","og_description":"En Gr\u00e1ficas Condal somos expertos en packaging personalizado para cosm\u00e9tica, alimentaci\u00f3n y otros sectores. Experiencia y tecnolog\u00eda puntera.","og_url":"https:\/\/www.graficascondal.com\/","og_site_name":"Gr\u00e1ficas Condal SA - Soluciones de packaging personalizadas","article_modified_time":"2024-12-16T07:15:06+00:00","og_image":[{"url":"http:\/\/graficascondal.com\/wp-content\/uploads\/2023\/11\/BOLSA.gif","type":"","width":"","height":""}],"twitter_card":"summary_large_image","twitter_misc":{"Tiempo de lectura":"1 minuto"},"schema":{"@context":"https:\/\/schema.org","@graph":[{"@type":"WebPage","@id":"https:\/\/www.graficascondal.com\/","url":"https:\/\/www.graficascondal.com\/","name":"Gr\u00e1ficas Condal SA - Soluciones de packaging personalizadas","isPartOf":{"@id":"https:\/\/graficascondal.com\/#website"},"primaryImageOfPage":{"@id":"https:\/\/www.graficascondal.com\/#primaryimage"},"image":{"@id":"https:\/\/www.graficascondal.com\/#primaryimage"},"thumbnailUrl":"http:\/\/graficascondal.com\/wp-content\/uploads\/2023\/11\/BOLSA.gif","datePublished":"2023-10-23T20:36:39+00:00","dateModified":"2024-12-16T07:15:06+00:00","description":"En Gr\u00e1ficas Condal somos expertos en packaging personalizado para cosm\u00e9tica, alimentaci\u00f3n y otros sectores. Experiencia y tecnolog\u00eda puntera.","breadcrumb":{"@id":"https:\/\/www.graficascondal.com\/#breadcrumb"},"inLanguage":"es","potentialAction":[{"@type":"ReadAction","target":["https:\/\/www.graficascondal.com\/"]}]},{"@type":"ImageObject","inLanguage":"es","@id":"https:\/\/www.graficascondal.com\/#primaryimage","url":"https:\/\/graficascondal.com\/wp-content\/uploads\/2023\/11\/BOLSA.gif","contentUrl":"https:\/\/graficascondal.com\/wp-content\/uploads\/2023\/11\/BOLSA.gif","caption":"Elaboramos productos de packaging de alta calidad gracias a nuestra experiencia de la mano de tecnolog\u00eda puntera"},{"@type":"BreadcrumbList","@id":"https:\/\/www.graficascondal.com\/#breadcrumb","itemListElement":[{"@type":"ListItem","position":1,"name":"Portada","item":"https:\/\/www.graficascondal.com\/"},{"@type":"ListItem","position":2,"name":"Inicio"}]},{"@type":"WebSite","@id":"https:\/\/graficascondal.com\/#website","url":"https:\/\/graficascondal.com\/","name":"Gr\u00e1ficas Condal SA - Soluciones de packaging personalizadas","description":"Desde hace m\u00e1s de 60 a\u00f1os, producimos soluciones de packaging personalizadas con la m\u00e1xima calidad","publisher":{"@id":"https:\/\/graficascondal.com\/#organization"},"alternateName":"Gr\u00e1ficas Condal","potentialAction":[{"@type":"SearchAction","target":{"@type":"EntryPoint","urlTemplate":"https:\/\/graficascondal.com\/?s={search_term_string}"},"query-input":{"@type":"PropertyValueSpecification","valueRequired":true,"valueName":"search_term_string"}}],"inLanguage":"es"},{"@type":"Organization","@id":"https:\/\/graficascondal.com\/#organization","name":"Gr\u00e1ficas Condal SA","alternateName":"Gr\u00e1ficas Condal","url":"https:\/\/graficascondal.com\/","logo":{"@type":"ImageObject","inLanguage":"es","@id":"https:\/\/graficascondal.com\/#\/schema\/logo\/image\/","url":"https:\/\/graficascondal.com\/wp-content\/uploads\/2023\/10\/logoGC-1.png","contentUrl":"https:\/\/graficascondal.com\/wp-content\/uploads\/2023\/10\/logoGC-1.png","width":2048,"height":2183,"caption":"Gr\u00e1ficas Condal SA"},"image":{"@id":"https:\/\/graficascondal.com\/#\/schema\/logo\/image\/"},"sameAs":["https:\/\/www.linkedin.com\/company\/graficas-condal-s-a-\/"]}]}},"uagb_featured_image_src":{"full":false,"thumbnail":false,"medium":false,"medium_large":false,"large":false,"1536x1536":false,"2048x2048":false},"uagb_author_info":{"display_name":"admin8644","author_link":"https:\/\/graficascondal.com\/index.php\/author\/admin8644\/"},"uagb_comment_info":0,"uagb_excerpt":"SOMOS El colaborador que te acompa\u00f1a para dar vida a tus necesidades de packaging. TU producto, NUESTRA pasi\u00f3n NOTICIAS Noves inversions 27 de mayo de 2024 MILLOREM ELS CONTROLS EN EL NOSTRE SISTEMA DE PLEGAT-ENGOMAT Acabem de finalitzar la instal\u00b7laci\u00f3 de&#8230; Leer m\u00e1s Nuevas inversiones 7 de mayo de 2024 MEJORAMOS LOS CONTROLES EN NUESTRO&hellip;","rttpg_featured_image_url":null,"rttpg_author":{"display_name":"admin8644","author_link":"https:\/\/graficascondal.com\/index.php\/author\/admin8644\/"},"rttpg_comment":0,"rttpg_category":"","rttpg_excerpt":"SOMOS El colaborador que te acompa\u00f1a para dar vida a tus necesidades de packaging. TU producto, NUESTRA pasi\u00f3n NOTICIAS Noves inversions 27 de mayo de 2024 MILLOREM ELS CONTROLS EN EL NOSTRE SISTEMA DE PLEGAT-ENGOMAT Acabem de finalitzar la instal\u00b7laci\u00f3 de&#8230; Leer m\u00e1s Nuevas inversiones 7 de mayo de 2024 MEJORAMOS LOS CONTROLES EN NUESTRO&hellip;","_links":{"self":[{"href":"https:\/\/graficascondal.com\/index.php\/wp-json\/wp\/v2\/pages\/2293","targetHints":{"allow":["GET"]}}],"collection":[{"href":"https:\/\/graficascondal.com\/index.php\/wp-json\/wp\/v2\/pages"}],"about":[{"href":"https:\/\/graficascondal.com\/index.php\/wp-json\/wp\/v2\/types\/page"}],"author":[{"embeddable":true,"href":"https:\/\/graficascondal.com\/index.php\/wp-json\/wp\/v2\/users\/1"}],"replies":[{"embeddable":true,"href":"https:\/\/graficascondal.com\/index.php\/wp-json\/wp\/v2\/comments?post=2293"}],"version-history":[{"count":20,"href":"https:\/\/graficascondal.com\/index.php\/wp-json\/wp\/v2\/pages\/2293\/revisions"}],"predecessor-version":[{"id":2851,"href":"https:\/\/graficascondal.com\/index.php\/wp-json\/wp\/v2\/pages\/2293\/revisions\/2851"}],"wp:attachment":[{"href":"https:\/\/graficascondal.com\/index.php\/wp-json\/wp\/v2\/media?parent=2293"}],"curies":[{"name":"wp","href":"https:\/\/api.w.org\/{rel}","templated":true}]}}